{"id":8,"date":"2019-05-16T14:21:47","date_gmt":"2019-05-16T12:21:47","guid":{"rendered":"http:\/\/heroit.pl\/?page_id=8"},"modified":"2021-04-30T12:43:40","modified_gmt":"2021-04-30T10:43:40","slug":"home","status":"publish","type":"page","link":"https:\/\/heroit.pl\/","title":{"rendered":"Zakres \u015bwiadczonych us\u0142ug"},"content":{"rendered":"\n<p>Utrzymanie, konserwacja stacji roboczych i serwer\u00f3w zgodnie z  og\u00f3lnie przyj\u0119tymi zaleceniami<\/p>\n\n\n\n<p>Migracja system\u00f3w operacyjnych i oprogramowania wraz z testowaniem ich dzia\u0142ania<\/p>\n\n\n\n<p>Modernizacja, konfiguracja oraz diagnostyka sprz\u0119tu komputerowego<\/p>\n\n\n\n<p>Analiza problem\u00f3w typu Hardware oraz Software oraz testy obci\u0105\u017ceniowe<\/p>\n\n\n\n<p>Wirtualizacja i monitorowanie sieci komputerowej oraz oprogramowania<\/p>\n\n\n\n<p>Projektowanie i wdra\u017canie nowych rozwi\u0105za\u0144 odpowiednich dla danej bran\u017cy<\/p>\n\n\n\n<p>Prowadzenie obszernej dokumentacji technicznej i ewidencji sprz\u0119tu komputerowego<\/p>\n\n\n\n<p>Prowadzenie rejestr\u00f3w incydent\u00f3w oraz audyt\u00f3w zgodnych z zaleceniami GDPR<\/p>\n\n\n\n<p>Instalacja i konfiguracja sieci wg. og\u00f3lnie przyj\u0119tego standardu TIA\/EIA 568B<\/p>\n\n\n\n<p>Kopie zapasowe oraz odzyskiwanie danych z dysk\u00f3w twardych oraz p\u00f3\u0142przewodnikowych<\/p>\n\n\n\n<p>Utylizacja sprz\u0119tu elektronicznego i danych z  dysk\u00f3w twardych oraz p\u00f3\u0142przewodnikowych  <\/p>\n\n\n\n<p>Praca na urz\u0105dzeniach dedykowanych Cisco, Dell, HP, Fortigate, Synology oraz QNAP<\/p>\n\n\n\n<p>Dostarczanie oprogramowania antywirusowego ESET oraz biurowego Office 365 <\/p>\n\n\n\n<p>Pomoc w nisko-mar\u017cowym zakupie lub leasingowaniu stacji roboczych, serwer\u00f3w oraz urz\u0105dze\u0144 biurowych i oprogramowania<\/p>\n\n\n\n<p>.<\/p>\n\n\n\n<p>.<\/p>\n\n\n\n<p>.<\/p>\n\n\n\n<p>.<\/p>\n","protected":false},"excerpt":{"rendered":"<p>Utrzymanie, konserwacja stacji roboczych i serwer\u00f3w zgodnie z og\u00f3lnie przyj\u0119tymi zaleceniami Migracja system\u00f3w operacyjnych i oprogramowania wraz z testowaniem ich dzia\u0142ania Modernizacja, konfiguracja oraz diagnostyka sprz\u0119tu komputerowego Analiza problem\u00f3w typu Hardware oraz Software oraz testy obci\u0105\u017ceniowe Wirtualizacja i monitorowanie sieci komputerowej oraz oprogramowania Projektowanie i wdra\u017canie nowych rozwi\u0105za\u0144 odpowiednich dla danej bran\u017cy Prowadzenie obszernej dokumentacji &hellip; <\/p>\n<p class=\"link-more\"><a href=\"https:\/\/heroit.pl\/\" class=\"more-link\">Czytaj dalej<span class=\"screen-reader-text\"> Zakres \u015bwiadczonych us\u0142ug<\/span><\/a><\/p>\n","protected":false},"author":3,"featured_media":0,"parent":0,"menu_order":0,"comment_status":"closed","ping_status":"closed","template":"","meta":{"footnotes":""},"_links":{"self":[{"href":"https:\/\/heroit.pl\/index.php?rest_route=\/wp\/v2\/pages\/8"}],"collection":[{"href":"https:\/\/heroit.pl\/index.php?rest_route=\/wp\/v2\/pages"}],"about":[{"href":"https:\/\/heroit.pl\/index.php?rest_route=\/wp\/v2\/types\/page"}],"author":[{"embeddable":true,"href":"https:\/\/heroit.pl\/index.php?rest_route=\/wp\/v2\/users\/3"}],"replies":[{"embeddable":true,"href":"https:\/\/heroit.pl\/index.php?rest_route=%2Fwp%2Fv2%2Fcomments&post=8"}],"version-history":[{"count":18,"href":"https:\/\/heroit.pl\/index.php?rest_route=\/wp\/v2\/pages\/8\/revisions"}],"predecessor-version":[{"id":101,"href":"https:\/\/heroit.pl\/index.php?rest_route=\/wp\/v2\/pages\/8\/revisions\/101"}],"wp:attachment":[{"href":"https:\/\/heroit.pl\/index.php?rest_route=%2Fwp%2Fv2%2Fmedia&parent=8"}],"curies":[{"name":"wp","href":"https:\/\/api.w.org\/{rel}","templated":true}]}}